{"id":11,"date":"2025-08-20T15:12:53","date_gmt":"2025-08-20T13:12:53","guid":{"rendered":"https:\/\/cabinetdescerisiers.vet\/?page_id=11"},"modified":"2025-11-01T16:45:20","modified_gmt":"2025-11-01T15:45:20","slug":"medecine-preventive","status":"publish","type":"page","link":"https:\/\/cabinetdescerisiers.vet\/index.php\/medecine-preventive\/","title":{"rendered":"M\u00e9decine pr\u00e9ventive"},"content":{"rendered":"\n<h1 class=\"wp-block-heading\">M\u00e9decine pr\u00e9ventive<\/h1>\n\n\n\n<p>La pr\u00e9vention est la cl\u00e9 du bien-\u00eatre animal. Nous proposons :<\/p>\n\n\n<div class=\"wp-block-image\">\n<figure class=\"alignright size-large is-resized\"><img fetchpriority=\"high\" decoding=\"async\" width=\"1024\" height=\"683\" src=\"https:\/\/cabinetdescerisiers.vet\/wp-content\/uploads\/2025\/11\/AdobeStock_506598485crop-1024x683.jpg\" alt=\"\" class=\"wp-image-389\" style=\"width:796px;height:auto\" srcset=\"https:\/\/cabinetdescerisiers.vet\/wp-content\/uploads\/2025\/11\/AdobeStock_506598485crop-1024x683.jpg 1024w, https:\/\/cabinetdescerisiers.vet\/wp-content\/uploads\/2025\/11\/AdobeStock_506598485crop-300x200.jpg 300w, https:\/\/cabinetdescerisiers.vet\/wp-content\/uploads\/2025\/11\/AdobeStock_506598485crop-768x513.jpg 768w, https:\/\/cabinetdescerisiers.vet\/wp-content\/uploads\/2025\/11\/AdobeStock_506598485crop.jpg 1440w\" sizes=\"(max-width: 1024px) 100vw, 1024px\" \/><\/figure>\n<\/div>\n\n\n<ul class=\"wp-block-list\">\n<li>Vaccinations<\/li>\n\n\n\n<li>Traitements antiparasitaires internes et externes<\/li>\n\n\n\n<li>Contr\u00f4les annuels de sant\u00e9<\/li>\n\n\n\n<li>Conseils nutritionnels&nbsp;<\/li>\n<\/ul>\n\n\n\n<p><strong><a href=\"https:\/\/www.monrendezvousveto.fr\/clinique\/bofferdange-lu\/cabinet-veterinaire-des-cerisiers-lu\">Prendre rendez-vous en ligne<\/a><\/strong><\/p>\n\n\n\n<p><\/p>\n","protected":false},"excerpt":{"rendered":"<p>M\u00e9decine pr\u00e9ventive La pr\u00e9vention est la cl\u00e9 du bien-\u00eatre animal. Nous proposons : Prendre rendez-vous en ligne<\/p>\n","protected":false},"author":1,"featured_media":0,"parent":0,"menu_order":0,"comment_status":"closed","ping_status":"closed","template":"","meta":{"_kad_post_transparent":"default","_kad_post_title":"","_kad_post_layout":"default","_kad_post_sidebar_id":"","_kad_post_content_style":"boxed","_kad_post_vertical_padding":"","_kad_post_feature":"","_kad_post_feature_position":"","_kad_post_header":false,"_kad_post_footer":false,"footnotes":""},"class_list":["post-11","page","type-page","status-publish","hentry"],"_links":{"self":[{"href":"https:\/\/cabinetdescerisiers.vet\/index.php\/wp-json\/wp\/v2\/pages\/11","targetHints":{"allow":["GET"]}}],"collection":[{"href":"https:\/\/cabinetdescerisiers.vet\/index.php\/wp-json\/wp\/v2\/pages"}],"about":[{"href":"https:\/\/cabinetdescerisiers.vet\/index.php\/wp-json\/wp\/v2\/types\/page"}],"author":[{"embeddable":true,"href":"https:\/\/cabinetdescerisiers.vet\/index.php\/wp-json\/wp\/v2\/users\/1"}],"replies":[{"embeddable":true,"href":"https:\/\/cabinetdescerisiers.vet\/index.php\/wp-json\/wp\/v2\/comments?post=11"}],"version-history":[{"count":6,"href":"https:\/\/cabinetdescerisiers.vet\/index.php\/wp-json\/wp\/v2\/pages\/11\/revisions"}],"predecessor-version":[{"id":390,"href":"https:\/\/cabinetdescerisiers.vet\/index.php\/wp-json\/wp\/v2\/pages\/11\/revisions\/390"}],"wp:attachment":[{"href":"https:\/\/cabinetdescerisiers.vet\/index.php\/wp-json\/wp\/v2\/media?parent=11"}],"curies":[{"name":"wp","href":"https:\/\/api.w.org\/{rel}","templated":true}]}}