{"id":15,"date":"2025-08-20T15:14:26","date_gmt":"2025-08-20T13:14:26","guid":{"rendered":"https:\/\/cabinetdescerisiers.vet\/?page_id=15"},"modified":"2025-11-10T11:43:27","modified_gmt":"2025-11-10T10:43:27","slug":"chirurgie","status":"publish","type":"page","link":"https:\/\/cabinetdescerisiers.vet\/index.php\/chirurgie\/","title":{"rendered":"Chirurgie"},"content":{"rendered":"\n<h1 class=\"wp-block-heading\">Chirurgie<\/h1>\n\n\n\n<p>Nos interventions sont r\u00e9alis\u00e9es dans le respect du confort et de la s\u00e9curit\u00e9 animale, nous disposons d\u2019une anesth\u00e9sie gazeuse&nbsp;:<\/p>\n\n\n<div class=\"wp-block-image\">\n<figure class=\"alignright size-large is-resized\"><img fetchpriority=\"high\" decoding=\"async\" width=\"1024\" height=\"683\" src=\"https:\/\/cabinetdescerisiers.vet\/wp-content\/uploads\/2025\/11\/AdobeStock_274111966s-1024x683.jpg\" alt=\"\" class=\"wp-image-391\" style=\"aspect-ratio:1.4993109579906645;width:610px;height:auto\" srcset=\"https:\/\/cabinetdescerisiers.vet\/wp-content\/uploads\/2025\/11\/AdobeStock_274111966s-1024x683.jpg 1024w, https:\/\/cabinetdescerisiers.vet\/wp-content\/uploads\/2025\/11\/AdobeStock_274111966s-300x200.jpg 300w, https:\/\/cabinetdescerisiers.vet\/wp-content\/uploads\/2025\/11\/AdobeStock_274111966s-768x512.jpg 768w, https:\/\/cabinetdescerisiers.vet\/wp-content\/uploads\/2025\/11\/AdobeStock_274111966s-1536x1024.jpg 1536w, https:\/\/cabinetdescerisiers.vet\/wp-content\/uploads\/2025\/11\/AdobeStock_274111966s-2048x1365.jpg 2048w\" sizes=\"(max-width: 1024px) 100vw, 1024px\" \/><\/figure>\n<\/div>\n\n\n<ul class=\"wp-block-list\">\n<li><strong>St\u00e9rilisations<\/strong> (castration et ovariectomie)<\/li>\n\n\n\n<li><strong>Chirurgie des tissus mous<\/strong> (ablation de masses, chirurgie digestive, urinaire\u2026)<\/li>\n\n\n\n<li><strong>Chirurgie orthop\u00e9dique<\/strong>, r\u00e9alis\u00e9e par un sp\u00e9cialiste partenaire (fractures, luxations, TPLO\u2026)<\/li>\n<\/ul>\n\n\n\n<p><strong><a href=\"https:\/\/www.monrendezvousveto.fr\/clinique\/bofferdange-lu\/cabinet-veterinaire-des-cerisiers-lu\">Prendre rendez-vous en ligne<\/a><\/strong><\/p>\n","protected":false},"excerpt":{"rendered":"<p>Chirurgie Nos interventions sont r\u00e9alis\u00e9es dans le respect du confort et de la s\u00e9curit\u00e9 animale, nous disposons d\u2019une anesth\u00e9sie gazeuse&nbsp;: Prendre rendez-vous en ligne<\/p>\n","protected":false},"author":1,"featured_media":0,"parent":0,"menu_order":0,"comment_status":"closed","ping_status":"closed","template":"","meta":{"_kad_post_transparent":"","_kad_post_title":"","_kad_post_layout":"default","_kad_post_sidebar_id":"","_kad_post_content_style":"","_kad_post_vertical_padding":"","_kad_post_feature":"","_kad_post_feature_position":"","_kad_post_header":false,"_kad_post_footer":false,"footnotes":""},"class_list":["post-15","page","type-page","status-publish","hentry"],"_links":{"self":[{"href":"https:\/\/cabinetdescerisiers.vet\/index.php\/wp-json\/wp\/v2\/pages\/15","targetHints":{"allow":["GET"]}}],"collection":[{"href":"https:\/\/cabinetdescerisiers.vet\/index.php\/wp-json\/wp\/v2\/pages"}],"about":[{"href":"https:\/\/cabinetdescerisiers.vet\/index.php\/wp-json\/wp\/v2\/types\/page"}],"author":[{"embeddable":true,"href":"https:\/\/cabinetdescerisiers.vet\/index.php\/wp-json\/wp\/v2\/users\/1"}],"replies":[{"embeddable":true,"href":"https:\/\/cabinetdescerisiers.vet\/index.php\/wp-json\/wp\/v2\/comments?post=15"}],"version-history":[{"count":5,"href":"https:\/\/cabinetdescerisiers.vet\/index.php\/wp-json\/wp\/v2\/pages\/15\/revisions"}],"predecessor-version":[{"id":475,"href":"https:\/\/cabinetdescerisiers.vet\/index.php\/wp-json\/wp\/v2\/pages\/15\/revisions\/475"}],"wp:attachment":[{"href":"https:\/\/cabinetdescerisiers.vet\/index.php\/wp-json\/wp\/v2\/media?parent=15"}],"curies":[{"name":"wp","href":"https:\/\/api.w.org\/{rel}","templated":true}]}}