{"id":21,"date":"2025-08-20T15:17:55","date_gmt":"2025-08-20T13:17:55","guid":{"rendered":"https:\/\/cabinetdescerisiers.vet\/?page_id=21"},"modified":"2025-11-13T14:51:58","modified_gmt":"2025-11-13T13:51:58","slug":"medecines-complementaires","status":"publish","type":"page","link":"https:\/\/cabinetdescerisiers.vet\/index.php\/medecines-complementaires\/","title":{"rendered":"M\u00e9decines compl\u00e9mentaires"},"content":{"rendered":"\t\t<div data-elementor-type=\"wp-page\" data-elementor-id=\"21\" class=\"elementor elementor-21\">\n\t\t\t\t<div class=\"elementor-element elementor-element-1b905148 e-flex e-con-boxed e-con e-parent\" data-id=\"1b905148\" data-element_type=\"container\">\n\t\t\t\t\t<div class=\"e-con-inner\">\n\t\t\t\t<div class=\"elementor-element elementor-element-72adf47d elementor-widget elementor-widget-text-editor\" data-id=\"72adf47d\" data-element_type=\"widget\" data-widget_type=\"text-editor.default\">\n\t\t\t\t\t\t\t\t\t<h1 class=\"wp-block-heading\">M\u00e9decines compl\u00e9mentaires<\/h1>\n<p><!-- \/wp:heading --><!-- wp:paragraph --><\/p>\n<p><!-- \/wp:paragraph --><!-- wp:paragraph --><\/p>\n<p><!-- \/wp:paragraph --><\/p>\t\t\t\t\t\t\t\t<\/div>\n\t\t\t\t\t<\/div>\n\t\t\t\t<\/div>\n\t\t<div class=\"elementor-element elementor-element-f4f4bd3 e-grid e-con-boxed e-con e-parent\" data-id=\"f4f4bd3\" data-element_type=\"container\">\n\t\t\t\t\t<div class=\"e-con-inner\">\n\t\t<div class=\"elementor-element elementor-element-77334ca e-grid e-con-full e-transform e-con e-child\" data-id=\"77334ca\" data-element_type=\"container\" data-settings=\"{&quot;_transform_scale_effect_hover&quot;:{&quot;unit&quot;:&quot;px&quot;,&quot;size&quot;:1.1,&quot;sizes&quot;:[]},&quot;background_background&quot;:&quot;gradient&quot;,&quot;_transform_scale_effect_hover_tablet&quot;:{&quot;unit&quot;:&quot;px&quot;,&quot;size&quot;:&quot;&quot;,&quot;sizes&quot;:[]},&quot;_transform_scale_effect_hover_mobile&quot;:{&quot;unit&quot;:&quot;px&quot;,&quot;size&quot;:&quot;&quot;,&quot;sizes&quot;:[]}}\">\n\t\t\t\t<div class=\"elementor-element elementor-element-b067051 elementor-widget elementor-widget-heading\" data-id=\"b067051\" data-element_type=\"widget\" data-widget_type=\"heading.default\">\n\t\t\t\t\t<h3 class=\"elementor-heading-title elementor-size-default\"><p><strong><a href=\"https:\/\/cabinetdescerisiers.vet\/index.php\/osteopathie-veterinaire\/\" data-type=\"page\" data-id=\"23\">Ost\u00e9opathie v\u00e9t\u00e9rinaire<\/a><\/strong><span><\/span><\/p><\/h3>\t\t\t\t<\/div>\n\t\t\t\t<div class=\"elementor-element elementor-element-9ce0ce5 elementor-widget elementor-widget-image\" data-id=\"9ce0ce5\" data-element_type=\"widget\" data-widget_type=\"image.default\">\n\t\t\t\t\t\t\t\t\t\t\t\t\t\t\t<img fetchpriority=\"high\" decoding=\"async\" width=\"1024\" height=\"1024\" src=\"https:\/\/cabinetdescerisiers.vet\/wp-content\/uploads\/2025\/11\/AdobeStock_307189674c-1024x1024.jpg\" class=\"attachment-large size-large wp-image-429\" alt=\"\" srcset=\"https:\/\/cabinetdescerisiers.vet\/wp-content\/uploads\/2025\/11\/AdobeStock_307189674c-1024x1024.jpg 1024w, https:\/\/cabinetdescerisiers.vet\/wp-content\/uploads\/2025\/11\/AdobeStock_307189674c-300x300.jpg 300w, https:\/\/cabinetdescerisiers.vet\/wp-content\/uploads\/2025\/11\/AdobeStock_307189674c-150x150.jpg 150w, https:\/\/cabinetdescerisiers.vet\/wp-content\/uploads\/2025\/11\/AdobeStock_307189674c-768x768.jpg 768w, https:\/\/cabinetdescerisiers.vet\/wp-content\/uploads\/2025\/11\/AdobeStock_307189674c-1536x1536.jpg 1536w, https:\/\/cabinetdescerisiers.vet\/wp-content\/uploads\/2025\/11\/AdobeStock_307189674c-2048x2048.jpg 2048w\" sizes=\"(max-width: 1024px) 100vw, 1024px\" \/>\t\t\t\t\t\t\t\t\t\t\t\t\t\t\t<\/div>\n\t\t\t\t<\/div>\n\t\t<div class=\"elementor-element elementor-element-f2d7ad3 e-grid e-con-full e-transform e-con e-child\" data-id=\"f2d7ad3\" data-element_type=\"container\" data-settings=\"{&quot;_transform_scale_effect_hover&quot;:{&quot;unit&quot;:&quot;px&quot;,&quot;size&quot;:1.1,&quot;sizes&quot;:[]},&quot;background_background&quot;:&quot;gradient&quot;,&quot;_transform_scale_effect_hover_tablet&quot;:{&quot;unit&quot;:&quot;px&quot;,&quot;size&quot;:&quot;&quot;,&quot;sizes&quot;:[]},&quot;_transform_scale_effect_hover_mobile&quot;:{&quot;unit&quot;:&quot;px&quot;,&quot;size&quot;:&quot;&quot;,&quot;sizes&quot;:[]}}\">\n\t\t\t\t<div class=\"elementor-element elementor-element-c462eed elementor-widget elementor-widget-heading\" data-id=\"c462eed\" data-element_type=\"widget\" data-widget_type=\"heading.default\">\n\t\t\t\t\t<h3 class=\"elementor-heading-title elementor-size-default\"><p><strong><a href=\"https:\/\/cabinetdescerisiers.vet\/index.php\/niromathe\/\" data-type=\"page\" data-id=\"23\">Niromath\u00e9<\/a><\/strong><span><\/span><\/p><\/h3>\t\t\t\t<\/div>\n\t\t\t\t<div class=\"elementor-element elementor-element-0b5b27c elementor-widget elementor-widget-image\" data-id=\"0b5b27c\" data-element_type=\"widget\" data-widget_type=\"image.default\">\n\t\t\t\t\t\t\t\t\t\t\t\t\t\t\t<img decoding=\"async\" width=\"1024\" height=\"1024\" src=\"https:\/\/cabinetdescerisiers.vet\/wp-content\/uploads\/2025\/11\/AdobeStock_447667509c-1024x1024.jpg\" class=\"attachment-large size-large wp-image-430\" alt=\"\" srcset=\"https:\/\/cabinetdescerisiers.vet\/wp-content\/uploads\/2025\/11\/AdobeStock_447667509c-1024x1024.jpg 1024w, https:\/\/cabinetdescerisiers.vet\/wp-content\/uploads\/2025\/11\/AdobeStock_447667509c-300x300.jpg 300w, https:\/\/cabinetdescerisiers.vet\/wp-content\/uploads\/2025\/11\/AdobeStock_447667509c-150x150.jpg 150w, https:\/\/cabinetdescerisiers.vet\/wp-content\/uploads\/2025\/11\/AdobeStock_447667509c-768x768.jpg 768w, https:\/\/cabinetdescerisiers.vet\/wp-content\/uploads\/2025\/11\/AdobeStock_447667509c-1536x1536.jpg 1536w, https:\/\/cabinetdescerisiers.vet\/wp-content\/uploads\/2025\/11\/AdobeStock_447667509c-2048x2048.jpg 2048w\" sizes=\"(max-width: 1024px) 100vw, 1024px\" \/>\t\t\t\t\t\t\t\t\t\t\t\t\t\t\t<\/div>\n\t\t\t\t<\/div>\n\t\t<div class=\"elementor-element elementor-element-aed1b9c e-grid e-con-full e-transform e-con e-child\" data-id=\"aed1b9c\" data-element_type=\"container\" data-settings=\"{&quot;_transform_scale_effect_hover&quot;:{&quot;unit&quot;:&quot;px&quot;,&quot;size&quot;:1.1,&quot;sizes&quot;:[]},&quot;background_background&quot;:&quot;gradient&quot;,&quot;_transform_scale_effect_hover_tablet&quot;:{&quot;unit&quot;:&quot;px&quot;,&quot;size&quot;:&quot;&quot;,&quot;sizes&quot;:[]},&quot;_transform_scale_effect_hover_mobile&quot;:{&quot;unit&quot;:&quot;px&quot;,&quot;size&quot;:&quot;&quot;,&quot;sizes&quot;:[]}}\">\n\t\t\t\t<div class=\"elementor-element elementor-element-837ca60 elementor-widget elementor-widget-heading\" data-id=\"837ca60\" data-element_type=\"widget\" data-widget_type=\"heading.default\">\n\t\t\t\t\t<h3 class=\"elementor-heading-title elementor-size-default\"><p><strong><a href=\"https:\/\/cabinetdescerisiers.vet\/index.php\/phytotherapie\/\" data-type=\"page\" data-id=\"23\">Phytoth\u00e9rapie<\/a><\/strong><span><\/span><\/p><\/h3>\t\t\t\t<\/div>\n\t\t\t\t<div class=\"elementor-element elementor-element-41044da elementor-widget elementor-widget-image\" data-id=\"41044da\" data-element_type=\"widget\" data-widget_type=\"image.default\">\n\t\t\t\t\t\t\t\t\t\t\t\t\t\t\t<img decoding=\"async\" width=\"1024\" height=\"1024\" src=\"https:\/\/cabinetdescerisiers.vet\/wp-content\/uploads\/2025\/11\/AdobeStock_1124768960c-1024x1024.jpg\" class=\"attachment-large size-large wp-image-431\" alt=\"\" srcset=\"https:\/\/cabinetdescerisiers.vet\/wp-content\/uploads\/2025\/11\/AdobeStock_1124768960c-1024x1024.jpg 1024w, https:\/\/cabinetdescerisiers.vet\/wp-content\/uploads\/2025\/11\/AdobeStock_1124768960c-300x300.jpg 300w, https:\/\/cabinetdescerisiers.vet\/wp-content\/uploads\/2025\/11\/AdobeStock_1124768960c-150x150.jpg 150w, https:\/\/cabinetdescerisiers.vet\/wp-content\/uploads\/2025\/11\/AdobeStock_1124768960c-768x768.jpg 768w, https:\/\/cabinetdescerisiers.vet\/wp-content\/uploads\/2025\/11\/AdobeStock_1124768960c-1536x1536.jpg 1536w, https:\/\/cabinetdescerisiers.vet\/wp-content\/uploads\/2025\/11\/AdobeStock_1124768960c.jpg 1966w\" sizes=\"(max-width: 1024px) 100vw, 1024px\" \/>\t\t\t\t\t\t\t\t\t\t\t\t\t\t\t<\/div>\n\t\t\t\t<\/div>\n\t\t<div class=\"elementor-element elementor-element-bb6ec4b e-grid e-con-full e-transform e-con e-child\" data-id=\"bb6ec4b\" data-element_type=\"container\" data-settings=\"{&quot;_transform_scale_effect_hover&quot;:{&quot;unit&quot;:&quot;px&quot;,&quot;size&quot;:1.1,&quot;sizes&quot;:[]},&quot;background_background&quot;:&quot;gradient&quot;,&quot;_transform_scale_effect_hover_tablet&quot;:{&quot;unit&quot;:&quot;px&quot;,&quot;size&quot;:&quot;&quot;,&quot;sizes&quot;:[]},&quot;_transform_scale_effect_hover_mobile&quot;:{&quot;unit&quot;:&quot;px&quot;,&quot;size&quot;:&quot;&quot;,&quot;sizes&quot;:[]}}\">\n\t\t\t\t<div class=\"elementor-element elementor-element-b55cf57 elementor-widget elementor-widget-heading\" data-id=\"b55cf57\" data-element_type=\"widget\" data-widget_type=\"heading.default\">\n\t\t\t\t\t<h3 class=\"elementor-heading-title elementor-size-default\"><p><strong><a href=\"https:\/\/cabinetdescerisiers.vet\/index.php\/mycotherapie\/\" data-type=\"page\" data-id=\"23\">Mycoth\u00e9rapie<\/a><\/strong><span><\/span><\/p><\/h3>\t\t\t\t<\/div>\n\t\t\t\t<div class=\"elementor-element elementor-element-c10fed1 elementor-widget elementor-widget-image\" data-id=\"c10fed1\" data-element_type=\"widget\" data-widget_type=\"image.default\">\n\t\t\t\t\t\t\t\t\t\t\t\t\t\t\t<img loading=\"lazy\" decoding=\"async\" width=\"1024\" height=\"1024\" src=\"https:\/\/cabinetdescerisiers.vet\/wp-content\/uploads\/2025\/11\/AdobeStock_91746037c-1024x1024.jpg\" class=\"attachment-large size-large wp-image-428\" alt=\"\" srcset=\"https:\/\/cabinetdescerisiers.vet\/wp-content\/uploads\/2025\/11\/AdobeStock_91746037c-1024x1024.jpg 1024w, https:\/\/cabinetdescerisiers.vet\/wp-content\/uploads\/2025\/11\/AdobeStock_91746037c-300x300.jpg 300w, https:\/\/cabinetdescerisiers.vet\/wp-content\/uploads\/2025\/11\/AdobeStock_91746037c-150x150.jpg 150w, https:\/\/cabinetdescerisiers.vet\/wp-content\/uploads\/2025\/11\/AdobeStock_91746037c-768x768.jpg 768w, https:\/\/cabinetdescerisiers.vet\/wp-content\/uploads\/2025\/11\/AdobeStock_91746037c-1536x1536.jpg 1536w, https:\/\/cabinetdescerisiers.vet\/wp-content\/uploads\/2025\/11\/AdobeStock_91746037c-2048x2048.jpg 2048w\" sizes=\"(max-width: 1024px) 100vw, 1024px\" \/>\t\t\t\t\t\t\t\t\t\t\t\t\t\t\t<\/div>\n\t\t\t\t<\/div>\n\t\t<div class=\"elementor-element elementor-element-a1b9d26 e-grid e-con-full e-transform e-con e-child\" data-id=\"a1b9d26\" data-element_type=\"container\" data-settings=\"{&quot;_transform_scale_effect_hover&quot;:{&quot;unit&quot;:&quot;px&quot;,&quot;size&quot;:1.1,&quot;sizes&quot;:[]},&quot;background_background&quot;:&quot;gradient&quot;,&quot;_transform_scale_effect_hover_tablet&quot;:{&quot;unit&quot;:&quot;px&quot;,&quot;size&quot;:&quot;&quot;,&quot;sizes&quot;:[]},&quot;_transform_scale_effect_hover_mobile&quot;:{&quot;unit&quot;:&quot;px&quot;,&quot;size&quot;:&quot;&quot;,&quot;sizes&quot;:[]}}\">\n\t\t\t\t<div class=\"elementor-element elementor-element-6c08f2b elementor-widget elementor-widget-heading\" data-id=\"6c08f2b\" data-element_type=\"widget\" data-widget_type=\"heading.default\">\n\t\t\t\t\t<h3 class=\"elementor-heading-title elementor-size-default\"><p><strong><a href=\"https:\/\/cabinetdescerisiers.vet\/index.php\/laser\/\" data-type=\"page\" data-id=\"23\">Laser<\/a><\/strong><span><\/span><\/p><\/h3>\t\t\t\t<\/div>\n\t\t\t\t<div class=\"elementor-element elementor-element-da2b622 elementor-widget elementor-widget-image\" data-id=\"da2b622\" data-element_type=\"widget\" data-widget_type=\"image.default\">\n\t\t\t\t\t\t\t\t\t\t\t\t\t\t\t<img loading=\"lazy\" decoding=\"async\" width=\"1024\" height=\"1024\" src=\"https:\/\/cabinetdescerisiers.vet\/wp-content\/uploads\/2025\/11\/Laser_2c-1024x1024.jpg\" class=\"attachment-large size-large wp-image-494\" alt=\"\" srcset=\"https:\/\/cabinetdescerisiers.vet\/wp-content\/uploads\/2025\/11\/Laser_2c-1024x1024.jpg 1024w, https:\/\/cabinetdescerisiers.vet\/wp-content\/uploads\/2025\/11\/Laser_2c-300x300.jpg 300w, https:\/\/cabinetdescerisiers.vet\/wp-content\/uploads\/2025\/11\/Laser_2c-150x150.jpg 150w, https:\/\/cabinetdescerisiers.vet\/wp-content\/uploads\/2025\/11\/Laser_2c-768x768.jpg 768w, https:\/\/cabinetdescerisiers.vet\/wp-content\/uploads\/2025\/11\/Laser_2c-1536x1536.jpg 1536w, https:\/\/cabinetdescerisiers.vet\/wp-content\/uploads\/2025\/11\/Laser_2c.jpg 1629w\" sizes=\"(max-width: 1024px) 100vw, 1024px\" \/>\t\t\t\t\t\t\t\t\t\t\t\t\t\t\t<\/div>\n\t\t\t\t<\/div>\n\t\t\t\t\t<\/div>\n\t\t\t\t<\/div>\n\t\t<div class=\"elementor-element elementor-element-dfb38d6 e-grid e-con-boxed e-con e-parent\" data-id=\"dfb38d6\" data-element_type=\"container\">\n\t\t\t\t\t<div class=\"e-con-inner\">\n\t\t\t\t<div class=\"elementor-element elementor-element-6ba8f6f elementor-align-center elementor-widget elementor-widget-button\" data-id=\"6ba8f6f\" data-element_type=\"widget\" data-widget_type=\"button.default\">\n\t\t\t\t\t\t\t\t\t\t<a class=\"elementor-button elementor-button-link elementor-size-sm\" href=\"https:\/\/www.monrendezvousveto.fr\/clinique\/bofferdange-lu\/cabinet-veterinaire-des-cerisiers-lu\" target=\"_blank\">\n\t\t\t\t\t\t<span class=\"elementor-button-content-wrapper\">\n\t\t\t\t\t\t\t\t\t<span class=\"elementor-button-text\">Prendre rendez-vous directement en ligne<\/span>\n\t\t\t\t\t<\/span>\n\t\t\t\t\t<\/a>\n\t\t\t\t\t\t\t\t<\/div>\n\t\t\t\t\t<\/div>\n\t\t\t\t<\/div>\n\t\t\t\t<\/div>\n\t\t","protected":false},"excerpt":{"rendered":"<p>M\u00e9decines compl\u00e9mentaires Ost\u00e9opathie v\u00e9t\u00e9rinaire Niromath\u00e9 Phytoth\u00e9rapie Mycoth\u00e9rapie Laser Prendre rendez-vous directement en ligne<\/p>\n","protected":false},"author":1,"featured_media":0,"parent":0,"menu_order":0,"comment_status":"closed","ping_status":"closed","template":"","meta":{"_kad_post_transparent":"","_kad_post_title":"","_kad_post_layout":"","_kad_post_sidebar_id":"","_kad_post_content_style":"","_kad_post_vertical_padding":"","_kad_post_feature":"","_kad_post_feature_position":"","_kad_post_header":false,"_kad_post_footer":false,"footnotes":""},"class_list":["post-21","page","type-page","status-publish","hentry"],"_links":{"self":[{"href":"https:\/\/cabinetdescerisiers.vet\/index.php\/wp-json\/wp\/v2\/pages\/21","targetHints":{"allow":["GET"]}}],"collection":[{"href":"https:\/\/cabinetdescerisiers.vet\/index.php\/wp-json\/wp\/v2\/pages"}],"about":[{"href":"https:\/\/cabinetdescerisiers.vet\/index.php\/wp-json\/wp\/v2\/types\/page"}],"author":[{"embeddable":true,"href":"https:\/\/cabinetdescerisiers.vet\/index.php\/wp-json\/wp\/v2\/users\/1"}],"replies":[{"embeddable":true,"href":"https:\/\/cabinetdescerisiers.vet\/index.php\/wp-json\/wp\/v2\/comments?post=21"}],"version-history":[{"count":58,"href":"https:\/\/cabinetdescerisiers.vet\/index.php\/wp-json\/wp\/v2\/pages\/21\/revisions"}],"predecessor-version":[{"id":523,"href":"https:\/\/cabinetdescerisiers.vet\/index.php\/wp-json\/wp\/v2\/pages\/21\/revisions\/523"}],"wp:attachment":[{"href":"https:\/\/cabinetdescerisiers.vet\/index.php\/wp-json\/wp\/v2\/media?parent=21"}],"curies":[{"name":"wp","href":"https:\/\/api.w.org\/{rel}","templated":true}]}}