{"id":23,"date":"2025-08-20T15:18:41","date_gmt":"2025-08-20T13:18:41","guid":{"rendered":"https:\/\/cabinetdescerisiers.vet\/?page_id=23"},"modified":"2025-11-01T16:35:23","modified_gmt":"2025-11-01T15:35:23","slug":"osteopathie-veterinaire","status":"publish","type":"page","link":"https:\/\/cabinetdescerisiers.vet\/index.php\/osteopathie-veterinaire\/","title":{"rendered":"Ost\u00e9opathie v\u00e9t\u00e9rinaire"},"content":{"rendered":"\n<h1 class=\"wp-block-heading\"><br>Ost\u00e9opathie v\u00e9t\u00e9rinaire<\/h1>\n\n\n\n<p>En collaboration avec un ost\u00e9opathe sp\u00e9cialis\u00e9, cette approche manuelle am\u00e9liore la mobilit\u00e9, soulage les douleurs chroniques et facilite la r\u00e9cup\u00e9ration.<\/p>\n\n\n<div class=\"wp-block-image\">\n<figure class=\"aligncenter size-large is-resized\"><img fetchpriority=\"high\" decoding=\"async\" width=\"1024\" height=\"318\" src=\"https:\/\/cabinetdescerisiers.vet\/wp-content\/uploads\/2025\/11\/AdobeStock_307189674-1024x318.jpeg\" alt=\"\" class=\"wp-image-377\" style=\"aspect-ratio:3.2202348778929784;width:1084px;height:auto\" srcset=\"https:\/\/cabinetdescerisiers.vet\/wp-content\/uploads\/2025\/11\/AdobeStock_307189674-1024x318.jpeg 1024w, https:\/\/cabinetdescerisiers.vet\/wp-content\/uploads\/2025\/11\/AdobeStock_307189674-300x93.jpeg 300w, https:\/\/cabinetdescerisiers.vet\/wp-content\/uploads\/2025\/11\/AdobeStock_307189674-768x238.jpeg 768w, https:\/\/cabinetdescerisiers.vet\/wp-content\/uploads\/2025\/11\/AdobeStock_307189674-1536x477.jpeg 1536w, https:\/\/cabinetdescerisiers.vet\/wp-content\/uploads\/2025\/11\/AdobeStock_307189674-2048x636.jpeg 2048w\" sizes=\"(max-width: 1024px) 100vw, 1024px\" \/><\/figure>\n<\/div>\n\n\n<p class=\"has-text-align-center\"><strong><a href=\"https:\/\/www.monrendezvousveto.fr\/clinique\/bofferdange-lu\/cabinet-veterinaire-des-cerisiers-lu\">Prendre rendez-vous en ligne<\/a><\/strong><\/p>\n\n\n\n<p><\/p>\n","protected":false},"excerpt":{"rendered":"<p>Ost\u00e9opathie v\u00e9t\u00e9rinaire En collaboration avec un ost\u00e9opathe sp\u00e9cialis\u00e9, cette approche manuelle am\u00e9liore la mobilit\u00e9, soulage les douleurs chroniques et facilite la r\u00e9cup\u00e9ration. Prendre rendez-vous en ligne<\/p>\n","protected":false},"author":1,"featured_media":0,"parent":0,"menu_order":0,"comment_status":"closed","ping_status":"closed","template":"","meta":{"_kad_post_transparent":"","_kad_post_title":"","_kad_post_layout":"","_kad_post_sidebar_id":"","_kad_post_content_style":"","_kad_post_vertical_padding":"","_kad_post_feature":"","_kad_post_feature_position":"","_kad_post_header":false,"_kad_post_footer":false,"footnotes":""},"class_list":["post-23","page","type-page","status-publish","hentry"],"_links":{"self":[{"href":"https:\/\/cabinetdescerisiers.vet\/index.php\/wp-json\/wp\/v2\/pages\/23","targetHints":{"allow":["GET"]}}],"collection":[{"href":"https:\/\/cabinetdescerisiers.vet\/index.php\/wp-json\/wp\/v2\/pages"}],"about":[{"href":"https:\/\/cabinetdescerisiers.vet\/index.php\/wp-json\/wp\/v2\/types\/page"}],"author":[{"embeddable":true,"href":"https:\/\/cabinetdescerisiers.vet\/index.php\/wp-json\/wp\/v2\/users\/1"}],"replies":[{"embeddable":true,"href":"https:\/\/cabinetdescerisiers.vet\/index.php\/wp-json\/wp\/v2\/comments?post=23"}],"version-history":[{"count":5,"href":"https:\/\/cabinetdescerisiers.vet\/index.php\/wp-json\/wp\/v2\/pages\/23\/revisions"}],"predecessor-version":[{"id":379,"href":"https:\/\/cabinetdescerisiers.vet\/index.php\/wp-json\/wp\/v2\/pages\/23\/revisions\/379"}],"wp:attachment":[{"href":"https:\/\/cabinetdescerisiers.vet\/index.php\/wp-json\/wp\/v2\/media?parent=23"}],"curies":[{"name":"wp","href":"https:\/\/api.w.org\/{rel}","templated":true}]}}