{"id":25,"date":"2025-08-20T15:19:26","date_gmt":"2025-08-20T13:19:26","guid":{"rendered":"https:\/\/cabinetdescerisiers.vet\/?page_id=25"},"modified":"2025-11-05T11:49:34","modified_gmt":"2025-11-05T10:49:34","slug":"niromathe","status":"publish","type":"page","link":"https:\/\/cabinetdescerisiers.vet\/index.php\/niromathe\/","title":{"rendered":"Niromath\u00e9\u00ae"},"content":{"rendered":"\n<h1 class=\"wp-block-heading has-text-align-center\">Niromath\u00e9\u00ae<\/h1>\n\n\n\n<p class=\"has-text-align-center\">Une m\u00e9thode douce de r\u00e9flexoth\u00e9rapie cutan\u00e9e, id\u00e9ale pour les troubles musculo-squelettiques ou visc\u00e9raux.<\/p>\n\n\n<div class=\"wp-block-image\">\n<figure class=\"aligncenter size-large\"><img fetchpriority=\"high\" decoding=\"async\" width=\"1024\" height=\"683\" src=\"https:\/\/cabinetdescerisiers.vet\/wp-content\/uploads\/2025\/11\/AdobeStock_447667509-1024x683.jpeg\" alt=\"\" class=\"wp-image-380\" srcset=\"https:\/\/cabinetdescerisiers.vet\/wp-content\/uploads\/2025\/11\/AdobeStock_447667509-1024x683.jpeg 1024w, https:\/\/cabinetdescerisiers.vet\/wp-content\/uploads\/2025\/11\/AdobeStock_447667509-300x200.jpeg 300w, https:\/\/cabinetdescerisiers.vet\/wp-content\/uploads\/2025\/11\/AdobeStock_447667509-768x512.jpeg 768w, https:\/\/cabinetdescerisiers.vet\/wp-content\/uploads\/2025\/11\/AdobeStock_447667509-1536x1024.jpeg 1536w, https:\/\/cabinetdescerisiers.vet\/wp-content\/uploads\/2025\/11\/AdobeStock_447667509-2048x1365.jpeg 2048w\" sizes=\"(max-width: 1024px) 100vw, 1024px\" \/><\/figure>\n<\/div>\n\n\n<p class=\"has-text-align-center\"><strong><a href=\"https:\/\/www.monrendezvousveto.fr\/clinique\/bofferdange-lu\/cabinet-veterinaire-des-cerisiers-lu\">Prendre rendez-vous en ligne<\/a><\/strong><\/p>\n\n\n\n<p><\/p>\n","protected":false},"excerpt":{"rendered":"<p>Niromath\u00e9\u00ae Une m\u00e9thode douce de r\u00e9flexoth\u00e9rapie cutan\u00e9e, id\u00e9ale pour les troubles musculo-squelettiques ou visc\u00e9raux. Prendre rendez-vous en ligne<\/p>\n","protected":false},"author":1,"featured_media":0,"parent":0,"menu_order":0,"comment_status":"closed","ping_status":"closed","template":"","meta":{"_kad_post_transparent":"","_kad_post_title":"","_kad_post_layout":"","_kad_post_sidebar_id":"","_kad_post_content_style":"","_kad_post_vertical_padding":"","_kad_post_feature":"","_kad_post_feature_position":"","_kad_post_header":false,"_kad_post_footer":false,"footnotes":""},"class_list":["post-25","page","type-page","status-publish","hentry"],"_links":{"self":[{"href":"https:\/\/cabinetdescerisiers.vet\/index.php\/wp-json\/wp\/v2\/pages\/25","targetHints":{"allow":["GET"]}}],"collection":[{"href":"https:\/\/cabinetdescerisiers.vet\/index.php\/wp-json\/wp\/v2\/pages"}],"about":[{"href":"https:\/\/cabinetdescerisiers.vet\/index.php\/wp-json\/wp\/v2\/types\/page"}],"author":[{"embeddable":true,"href":"https:\/\/cabinetdescerisiers.vet\/index.php\/wp-json\/wp\/v2\/users\/1"}],"replies":[{"embeddable":true,"href":"https:\/\/cabinetdescerisiers.vet\/index.php\/wp-json\/wp\/v2\/comments?post=25"}],"version-history":[{"count":5,"href":"https:\/\/cabinetdescerisiers.vet\/index.php\/wp-json\/wp\/v2\/pages\/25\/revisions"}],"predecessor-version":[{"id":462,"href":"https:\/\/cabinetdescerisiers.vet\/index.php\/wp-json\/wp\/v2\/pages\/25\/revisions\/462"}],"wp:attachment":[{"href":"https:\/\/cabinetdescerisiers.vet\/index.php\/wp-json\/wp\/v2\/media?parent=25"}],"curies":[{"name":"wp","href":"https:\/\/api.w.org\/{rel}","templated":true}]}}