{"id":364,"date":"2025-11-01T15:54:18","date_gmt":"2025-11-01T14:54:18","guid":{"rendered":"https:\/\/cabinetdescerisiers.vet\/?page_id=364"},"modified":"2026-03-02T15:17:47","modified_gmt":"2026-03-02T14:17:47","slug":"notre-team","status":"publish","type":"page","link":"https:\/\/cabinetdescerisiers.vet\/index.php\/notre-team\/","title":{"rendered":"Notre team"},"content":{"rendered":"\n<h1 class=\"wp-block-heading has-text-align-center\">Notre \u00e9quipe \u00e0 votre service<\/h1>\n\n\n<div class=\"wp-block-image is-style-rounded\">\n<figure class=\"aligncenter size-full is-resized\"><img fetchpriority=\"high\" decoding=\"async\" width=\"1512\" height=\"1512\" src=\"https:\/\/cabinetdescerisiers.vet\/wp-content\/uploads\/2025\/11\/Rawad-IMG_5778s.jpg\" alt=\"\" class=\"wp-image-465\" style=\"width:800px\" srcset=\"https:\/\/cabinetdescerisiers.vet\/wp-content\/uploads\/2025\/11\/Rawad-IMG_5778s.jpg 1512w, https:\/\/cabinetdescerisiers.vet\/wp-content\/uploads\/2025\/11\/Rawad-IMG_5778s-300x300.jpg 300w, https:\/\/cabinetdescerisiers.vet\/wp-content\/uploads\/2025\/11\/Rawad-IMG_5778s-1024x1024.jpg 1024w, https:\/\/cabinetdescerisiers.vet\/wp-content\/uploads\/2025\/11\/Rawad-IMG_5778s-150x150.jpg 150w, https:\/\/cabinetdescerisiers.vet\/wp-content\/uploads\/2025\/11\/Rawad-IMG_5778s-768x768.jpg 768w\" sizes=\"(max-width: 1512px) 100vw, 1512px\" \/><\/figure>\n<\/div>\n\n\n<h3 class=\"wp-block-heading has-text-align-center\">Rawad El Khoury<\/h3>\n\n\n\n<p class=\"has-text-align-center\"><strong>V\u00e9t\u00e9rinaire &#8211; diplom\u00e9 de l\u2018Universit\u00e9 de Li\u00e8ge<\/strong> en janvier 2008<br><strong>Ce qu\u2019il aime faire :<\/strong> chirurgie, imagerie, m\u00e9decine alternative.<br><strong>\u00ab&nbsp;<\/strong>Un des rares m\u00e9tiers o\u00f9 tu peux te faire mordre, griffer, uriner dessus\u2026 et quand m\u00eame aimer ta journ\u00e9e.&nbsp;\u00bb<\/p>\n\n\n<div class=\"wp-block-image is-style-rounded\">\n<figure class=\"aligncenter size-full is-resized\"><img decoding=\"async\" width=\"789\" height=\"789\" src=\"https:\/\/cabinetdescerisiers.vet\/wp-content\/uploads\/2025\/11\/Camille-Vanderheyden-c.jpg\" alt=\"\" class=\"wp-image-367\" style=\"width:800px\" srcset=\"https:\/\/cabinetdescerisiers.vet\/wp-content\/uploads\/2025\/11\/Camille-Vanderheyden-c.jpg 789w, https:\/\/cabinetdescerisiers.vet\/wp-content\/uploads\/2025\/11\/Camille-Vanderheyden-c-300x300.jpg 300w, https:\/\/cabinetdescerisiers.vet\/wp-content\/uploads\/2025\/11\/Camille-Vanderheyden-c-150x150.jpg 150w, https:\/\/cabinetdescerisiers.vet\/wp-content\/uploads\/2025\/11\/Camille-Vanderheyden-c-768x768.jpg 768w\" sizes=\"(max-width: 789px) 100vw, 789px\" \/><\/figure>\n<\/div>\n\n\n<h3 class=\"wp-block-heading has-text-align-center\">Camille Vanderheyden<\/h3>\n\n\n\n<p class=\"has-text-align-center\"><strong>V\u00e9t\u00e9rinaire &#8211; diplom\u00e9e de l\u2018Universit\u00e9 de Li\u00e8ge<\/strong> en janvier 2018<br><strong>Ce qu\u2019elle aime faire :<\/strong> Les chirurgies et passer du temps dans la nature<br><strong>\u00ab&nbsp;<\/strong>Les animaux ne parlent pas, mais nous savons les \u00e9couter. \u00bb<\/p>\n\n\n<div class=\"wp-block-image is-style-rounded\">\n<figure class=\"aligncenter size-large is-resized\"><img decoding=\"async\" width=\"1024\" height=\"1024\" src=\"https:\/\/cabinetdescerisiers.vet\/wp-content\/uploads\/2025\/11\/Nathalie-Schuster-c-1024x1024.jpg\" alt=\"\" class=\"wp-image-366\" style=\"width:800px\" srcset=\"https:\/\/cabinetdescerisiers.vet\/wp-content\/uploads\/2025\/11\/Nathalie-Schuster-c-1024x1024.jpg 1024w, https:\/\/cabinetdescerisiers.vet\/wp-content\/uploads\/2025\/11\/Nathalie-Schuster-c-300x300.jpg 300w, https:\/\/cabinetdescerisiers.vet\/wp-content\/uploads\/2025\/11\/Nathalie-Schuster-c-150x150.jpg 150w, https:\/\/cabinetdescerisiers.vet\/wp-content\/uploads\/2025\/11\/Nathalie-Schuster-c-768x768.jpg 768w, https:\/\/cabinetdescerisiers.vet\/wp-content\/uploads\/2025\/11\/Nathalie-Schuster-c.jpg 1536w\" sizes=\"(max-width: 1024px) 100vw, 1024px\" \/><\/figure>\n<\/div>\n\n\n<h3 class=\"wp-block-heading has-text-align-center\">Nathalie Schuster<\/h3>\n\n\n\n<p class=\"has-text-align-center\"><strong>V\u00e9t\u00e9rinaire &#8211; diplom\u00e9e de l\u2018Universit\u00e9 de Li\u00e8ge<\/strong> en janvier 2023<br><strong>Ce qu\u2019elle aime faire :<\/strong> La chirurgie tissus mous et le sport<br><strong>\u00ab<\/strong> Soigner les animaux, c\u2019est notre passion ; les comprendre, c\u2019est notre mission. \u00bb<\/p>\n\n\n<div class=\"wp-block-image is-style-rounded\">\n<figure class=\"aligncenter size-large is-resized\"><img loading=\"lazy\" decoding=\"async\" width=\"1024\" height=\"1024\" src=\"https:\/\/cabinetdescerisiers.vet\/wp-content\/uploads\/2025\/11\/Elsa-Martin-c-1024x1024.jpg\" alt=\"\" class=\"wp-image-368\" style=\"width:800px\" srcset=\"https:\/\/cabinetdescerisiers.vet\/wp-content\/uploads\/2025\/11\/Elsa-Martin-c-1024x1024.jpg 1024w, https:\/\/cabinetdescerisiers.vet\/wp-content\/uploads\/2025\/11\/Elsa-Martin-c-300x300.jpg 300w, https:\/\/cabinetdescerisiers.vet\/wp-content\/uploads\/2025\/11\/Elsa-Martin-c-150x150.jpg 150w, https:\/\/cabinetdescerisiers.vet\/wp-content\/uploads\/2025\/11\/Elsa-Martin-c-768x768.jpg 768w, https:\/\/cabinetdescerisiers.vet\/wp-content\/uploads\/2025\/11\/Elsa-Martin-c.jpg 1199w\" sizes=\"(max-width: 1024px) 100vw, 1024px\" \/><\/figure>\n<\/div>\n\n\n<h3 class=\"wp-block-heading has-text-align-center\">Elsa Martin<\/h3>\n\n\n\n<p class=\"has-text-align-center\">Assistante v\u00e9t\u00e9rinaire<br><strong>\u00ab&nbsp;<\/strong>Le c\u0153ur de la clinique bat gr\u00e2ce \u00e0 ses assistantes&nbsp;!&nbsp;\u00bb<\/p>\n\n\n<div class=\"wp-block-image is-style-rounded\">\n<figure class=\"aligncenter size-full is-resized\"><img loading=\"lazy\" decoding=\"async\" width=\"1003\" height=\"1003\" src=\"https:\/\/cabinetdescerisiers.vet\/wp-content\/uploads\/2025\/11\/Barbara-Matos-c.jpg\" alt=\"\" class=\"wp-image-365\" style=\"width:800px\" srcset=\"https:\/\/cabinetdescerisiers.vet\/wp-content\/uploads\/2025\/11\/Barbara-Matos-c.jpg 1003w, https:\/\/cabinetdescerisiers.vet\/wp-content\/uploads\/2025\/11\/Barbara-Matos-c-300x300.jpg 300w, https:\/\/cabinetdescerisiers.vet\/wp-content\/uploads\/2025\/11\/Barbara-Matos-c-150x150.jpg 150w, https:\/\/cabinetdescerisiers.vet\/wp-content\/uploads\/2025\/11\/Barbara-Matos-c-768x768.jpg 768w\" sizes=\"(max-width: 1003px) 100vw, 1003px\" \/><\/figure>\n<\/div>\n\n\n<h3 class=\"wp-block-heading has-text-align-center\">Barbara Matos<\/h3>\n\n\n\n<p class=\"has-text-align-center\">Assistante v\u00e9t\u00e9rinaire<br><strong>\u00ab&nbsp;<\/strong>Entre c\u00e2lins et soins, notre mission ne s\u2019arr\u00eate jamais&nbsp;! \u00bb<\/p>\n\n\n<div class=\"wp-block-image is-style-rounded\">\n<figure class=\"aligncenter size-large is-resized\"><img loading=\"lazy\" decoding=\"async\" width=\"1024\" height=\"1024\" src=\"https:\/\/cabinetdescerisiers.vet\/wp-content\/uploads\/2025\/11\/Lisa_c-1024x1024.jpg\" alt=\"\" class=\"wp-image-479\" style=\"width:800px\" srcset=\"https:\/\/cabinetdescerisiers.vet\/wp-content\/uploads\/2025\/11\/Lisa_c-1024x1024.jpg 1024w, https:\/\/cabinetdescerisiers.vet\/wp-content\/uploads\/2025\/11\/Lisa_c-300x300.jpg 300w, https:\/\/cabinetdescerisiers.vet\/wp-content\/uploads\/2025\/11\/Lisa_c-150x150.jpg 150w, https:\/\/cabinetdescerisiers.vet\/wp-content\/uploads\/2025\/11\/Lisa_c-768x768.jpg 768w, https:\/\/cabinetdescerisiers.vet\/wp-content\/uploads\/2025\/11\/Lisa_c.jpg 1200w\" sizes=\"(max-width: 1024px) 100vw, 1024px\" \/><\/figure>\n<\/div>\n\n\n<h3 class=\"wp-block-heading has-text-align-center\">Lisa<\/h3>\n\n\n\n<p class=\"has-text-align-center\">Secr\u00e9taire<\/p>\n\n\n<div class=\"wp-block-image is-style-rounded\">\n<figure class=\"aligncenter size-large is-resized\"><img loading=\"lazy\" decoding=\"async\" width=\"1024\" height=\"1024\" src=\"https:\/\/cabinetdescerisiers.vet\/wp-content\/uploads\/2026\/01\/Dr-Colombani_R-1024x1024.jpg\" alt=\"\" class=\"wp-image-536\" style=\"width:800px\" srcset=\"https:\/\/cabinetdescerisiers.vet\/wp-content\/uploads\/2026\/01\/Dr-Colombani_R-1024x1024.jpg 1024w, https:\/\/cabinetdescerisiers.vet\/wp-content\/uploads\/2026\/01\/Dr-Colombani_R-300x300.jpg 300w, https:\/\/cabinetdescerisiers.vet\/wp-content\/uploads\/2026\/01\/Dr-Colombani_R-150x150.jpg 150w, https:\/\/cabinetdescerisiers.vet\/wp-content\/uploads\/2026\/01\/Dr-Colombani_R-768x768.jpg 768w, https:\/\/cabinetdescerisiers.vet\/wp-content\/uploads\/2026\/01\/Dr-Colombani_R.jpg 1436w\" sizes=\"(max-width: 1024px) 100vw, 1024px\" \/><\/figure>\n<\/div>\n\n\n<h2 class=\"wp-block-heading\">Notre chirurgien itin\u00e9rant le Dr Colombani Victor et son assistante Schmit Maike<\/h2>\n\n\n<div class=\"wp-block-image is-style-rounded\">\n<figure class=\"aligncenter size-large is-resized\"><img loading=\"lazy\" decoding=\"async\" width=\"1024\" height=\"1024\" src=\"https:\/\/cabinetdescerisiers.vet\/wp-content\/uploads\/2026\/03\/TeodorLancu-C-1024x1024.jpg\" alt=\"\" class=\"wp-image-548\" style=\"width:800px\" srcset=\"https:\/\/cabinetdescerisiers.vet\/wp-content\/uploads\/2026\/03\/TeodorLancu-C-1024x1024.jpg 1024w, https:\/\/cabinetdescerisiers.vet\/wp-content\/uploads\/2026\/03\/TeodorLancu-C-300x300.jpg 300w, https:\/\/cabinetdescerisiers.vet\/wp-content\/uploads\/2026\/03\/TeodorLancu-C-150x150.jpg 150w, https:\/\/cabinetdescerisiers.vet\/wp-content\/uploads\/2026\/03\/TeodorLancu-C-768x768.jpg 768w, https:\/\/cabinetdescerisiers.vet\/wp-content\/uploads\/2026\/03\/TeodorLancu-C.jpg 1302w\" sizes=\"(max-width: 1024px) 100vw, 1024px\" \/><\/figure>\n<\/div>\n\n\n<blockquote class=\"wp-block-quote alignwide has-text-align-center is-layout-flow wp-block-quote-is-layout-flow\">\n<h2 class=\"wp-block-heading\">Dr. Teodor Iancu<\/h2>\n\n\n\n<blockquote class=\"wp-block-quote is-layout-flow wp-block-quote-is-layout-flow\">\n<p class=\"has-medium-font-size\">V\u00e9t\u00e9rinaire exp\u00e9riment\u00e9, ayant exerc\u00e9 plusieurs ann\u00e9es au sein de l\u2019une des deux grandes cliniques v\u00e9t\u00e9rinaires du Grand-Duch\u00e9 du Luxembourg.<br><strong>Sp\u00e9cialis\u00e9 en urgences, m\u00e9decine interne et imagerie m\u00e9dicale<\/strong>.<\/p>\n<\/blockquote>\n<\/blockquote>\n\n\n\n<p><\/p>\n","protected":false},"excerpt":{"rendered":"<p>Notre \u00e9quipe \u00e0 votre service Rawad El Khoury V\u00e9t\u00e9rinaire &#8211; diplom\u00e9 de l\u2018Universit\u00e9 de Li\u00e8ge en janvier 2008Ce qu\u2019il aime faire : chirurgie, imagerie, m\u00e9decine alternative.\u00ab&nbsp;Un des rares m\u00e9tiers o\u00f9 tu peux te faire mordre, griffer, uriner dessus\u2026 et quand m\u00eame aimer ta journ\u00e9e.&nbsp;\u00bb Camille Vanderheyden V\u00e9t\u00e9rinaire &#8211; diplom\u00e9e de l\u2018Universit\u00e9 de Li\u00e8ge en janvier&#8230;<\/p>\n","protected":false},"author":1,"featured_media":0,"parent":0,"menu_order":0,"comment_status":"closed","ping_status":"closed","template":"","meta":{"_kad_post_transparent":"","_kad_post_title":"","_kad_post_layout":"","_kad_post_sidebar_id":"","_kad_post_content_style":"","_kad_post_vertical_padding":"","_kad_post_feature":"","_kad_post_feature_position":"","_kad_post_header":false,"_kad_post_footer":false,"footnotes":""},"class_list":["post-364","page","type-page","status-publish","hentry"],"_links":{"self":[{"href":"https:\/\/cabinetdescerisiers.vet\/index.php\/wp-json\/wp\/v2\/pages\/364","targetHints":{"allow":["GET"]}}],"collection":[{"href":"https:\/\/cabinetdescerisiers.vet\/index.php\/wp-json\/wp\/v2\/pages"}],"about":[{"href":"https:\/\/cabinetdescerisiers.vet\/index.php\/wp-json\/wp\/v2\/types\/page"}],"author":[{"embeddable":true,"href":"https:\/\/cabinetdescerisiers.vet\/index.php\/wp-json\/wp\/v2\/users\/1"}],"replies":[{"embeddable":true,"href":"https:\/\/cabinetdescerisiers.vet\/index.php\/wp-json\/wp\/v2\/comments?post=364"}],"version-history":[{"count":14,"href":"https:\/\/cabinetdescerisiers.vet\/index.php\/wp-json\/wp\/v2\/pages\/364\/revisions"}],"predecessor-version":[{"id":551,"href":"https:\/\/cabinetdescerisiers.vet\/index.php\/wp-json\/wp\/v2\/pages\/364\/revisions\/551"}],"wp:attachment":[{"href":"https:\/\/cabinetdescerisiers.vet\/index.php\/wp-json\/wp\/v2\/media?parent=364"}],"curies":[{"name":"wp","href":"https:\/\/api.w.org\/{rel}","templated":true}]}}