{"id":482,"date":"2025-11-12T18:02:06","date_gmt":"2025-11-12T17:02:06","guid":{"rendered":"https:\/\/cabinetdescerisiers.vet\/?page_id=482"},"modified":"2025-11-19T16:31:41","modified_gmt":"2025-11-19T15:31:41","slug":"laser","status":"publish","type":"page","link":"https:\/\/cabinetdescerisiers.vet\/index.php\/laser\/","title":{"rendered":"Laser"},"content":{"rendered":"\t\t<div data-elementor-type=\"wp-page\" data-elementor-id=\"482\" class=\"elementor elementor-482\">\n\t\t\t\t<div class=\"elementor-element elementor-element-408c3e8c e-flex e-con-boxed e-con e-parent\" data-id=\"408c3e8c\" data-element_type=\"container\">\n\t\t\t\t\t<div class=\"e-con-inner\">\n\t\t\t\t<div class=\"elementor-element elementor-element-108ff3e3 elementor-widget elementor-widget-text-editor\" data-id=\"108ff3e3\" data-element_type=\"widget\" data-widget_type=\"text-editor.default\">\n\t\t\t\t\t\t\t\t\t<h2 class=\"wp-block-heading\">Laser<\/h2>\n<p><!-- \/wp:heading --><!-- wp:paragraph --><\/p>\n<p>Issu des principes fondamentaux de la m\u00e9decine quantique notre laser est destin\u00e9 \u00e0 des traitements physio th\u00e9rapeutiques ainsi qu\u2019\u00e0 la pr\u00e9vention d\u2019un grand nombre de pathologies gr\u00e2ce \u00e0 l\u2019action synergique d\u2019\u00e9missions d\u2019un laser \u00e0 faible intensit\u00e9 (soft laser) associ\u00e9 \u00e0 des \u00e9missions de diodes (infrarouges et poly-chromatique) et \u00e0 un champ magn\u00e9tique constant (tunnel magn\u00e9tique circulaire).<\/p>\n<p><!-- \/wp:paragraph --><!-- wp:block {\"ref\":487} \/--><\/p>\t\t\t\t\t\t\t\t<\/div>\n\t\t\t\t\t<\/div>\n\t\t\t\t<\/div>\n\t\t<div class=\"elementor-element elementor-element-a674b49 e-grid e-con-boxed e-con e-parent\" data-id=\"a674b49\" data-element_type=\"container\">\n\t\t\t\t\t<div class=\"e-con-inner\">\n\t\t\t\t<div class=\"elementor-element elementor-element-e14fee4 elementor-widget elementor-widget-image\" data-id=\"e14fee4\" data-element_type=\"widget\" data-widget_type=\"image.default\">\n\t\t\t\t\t\t\t\t\t\t\t\t\t\t\t<img fetchpriority=\"high\" decoding=\"async\" width=\"1024\" height=\"1024\" src=\"https:\/\/cabinetdescerisiers.vet\/wp-content\/uploads\/2025\/11\/Laser-Rawad-2c-1024x1024.jpg\" class=\"attachment-large size-large wp-image-526\" alt=\"\" srcset=\"https:\/\/cabinetdescerisiers.vet\/wp-content\/uploads\/2025\/11\/Laser-Rawad-2c-1024x1024.jpg 1024w, https:\/\/cabinetdescerisiers.vet\/wp-content\/uploads\/2025\/11\/Laser-Rawad-2c-300x300.jpg 300w, https:\/\/cabinetdescerisiers.vet\/wp-content\/uploads\/2025\/11\/Laser-Rawad-2c-150x150.jpg 150w, https:\/\/cabinetdescerisiers.vet\/wp-content\/uploads\/2025\/11\/Laser-Rawad-2c-768x768.jpg 768w, https:\/\/cabinetdescerisiers.vet\/wp-content\/uploads\/2025\/11\/Laser-Rawad-2c-1536x1536.jpg 1536w, https:\/\/cabinetdescerisiers.vet\/wp-content\/uploads\/2025\/11\/Laser-Rawad-2c.jpg 1916w\" sizes=\"(max-width: 1024px) 100vw, 1024px\" \/>\t\t\t\t\t\t\t\t\t\t\t\t\t\t\t<\/div>\n\t\t\t\t<div class=\"elementor-element elementor-element-d72521e elementor-widget elementor-widget-image\" data-id=\"d72521e\" data-element_type=\"widget\" data-widget_type=\"image.default\">\n\t\t\t\t\t\t\t\t\t\t\t\t\t\t\t<img decoding=\"async\" width=\"1024\" height=\"1024\" src=\"https:\/\/cabinetdescerisiers.vet\/wp-content\/uploads\/2025\/11\/Laser-Rawad-1c-1024x1024.jpg\" class=\"attachment-large size-large wp-image-525\" alt=\"\" srcset=\"https:\/\/cabinetdescerisiers.vet\/wp-content\/uploads\/2025\/11\/Laser-Rawad-1c-1024x1024.jpg 1024w, https:\/\/cabinetdescerisiers.vet\/wp-content\/uploads\/2025\/11\/Laser-Rawad-1c-300x300.jpg 300w, https:\/\/cabinetdescerisiers.vet\/wp-content\/uploads\/2025\/11\/Laser-Rawad-1c-150x150.jpg 150w, https:\/\/cabinetdescerisiers.vet\/wp-content\/uploads\/2025\/11\/Laser-Rawad-1c-768x768.jpg 768w, https:\/\/cabinetdescerisiers.vet\/wp-content\/uploads\/2025\/11\/Laser-Rawad-1c-1536x1536.jpg 1536w, https:\/\/cabinetdescerisiers.vet\/wp-content\/uploads\/2025\/11\/Laser-Rawad-1c.jpg 1798w\" sizes=\"(max-width: 1024px) 100vw, 1024px\" \/>\t\t\t\t\t\t\t\t\t\t\t\t\t\t\t<\/div>\n\t\t\t\t<div class=\"elementor-element elementor-element-d0ce2da elementor-widget elementor-widget-image\" data-id=\"d0ce2da\" data-element_type=\"widget\" data-widget_type=\"image.default\">\n\t\t\t\t\t\t\t\t\t\t\t\t\t\t\t<img decoding=\"async\" width=\"1024\" height=\"1024\" src=\"https:\/\/cabinetdescerisiers.vet\/wp-content\/uploads\/2025\/11\/Laser_3c-1024x1024.jpg\" class=\"attachment-large size-large wp-image-495\" alt=\"\" srcset=\"https:\/\/cabinetdescerisiers.vet\/wp-content\/uploads\/2025\/11\/Laser_3c-1024x1024.jpg 1024w, https:\/\/cabinetdescerisiers.vet\/wp-content\/uploads\/2025\/11\/Laser_3c-300x300.jpg 300w, https:\/\/cabinetdescerisiers.vet\/wp-content\/uploads\/2025\/11\/Laser_3c-150x150.jpg 150w, https:\/\/cabinetdescerisiers.vet\/wp-content\/uploads\/2025\/11\/Laser_3c-768x768.jpg 768w, https:\/\/cabinetdescerisiers.vet\/wp-content\/uploads\/2025\/11\/Laser_3c-1536x1536.jpg 1536w, https:\/\/cabinetdescerisiers.vet\/wp-content\/uploads\/2025\/11\/Laser_3c.jpg 1783w\" sizes=\"(max-width: 1024px) 100vw, 1024px\" \/>\t\t\t\t\t\t\t\t\t\t\t\t\t\t\t<\/div>\n\t\t\t\t<div class=\"elementor-element elementor-element-ade848d elementor-widget elementor-widget-image\" data-id=\"ade848d\" data-element_type=\"widget\" data-widget_type=\"image.default\">\n\t\t\t\t\t\t\t\t\t\t\t\t\t\t\t<img loading=\"lazy\" decoding=\"async\" width=\"1024\" height=\"1024\" src=\"https:\/\/cabinetdescerisiers.vet\/wp-content\/uploads\/2025\/11\/Usages-laser_c-1024x1024.jpg\" class=\"attachment-large size-large wp-image-496\" alt=\"\" srcset=\"https:\/\/cabinetdescerisiers.vet\/wp-content\/uploads\/2025\/11\/Usages-laser_c-1024x1024.jpg 1024w, https:\/\/cabinetdescerisiers.vet\/wp-content\/uploads\/2025\/11\/Usages-laser_c-300x300.jpg 300w, https:\/\/cabinetdescerisiers.vet\/wp-content\/uploads\/2025\/11\/Usages-laser_c-150x150.jpg 150w, https:\/\/cabinetdescerisiers.vet\/wp-content\/uploads\/2025\/11\/Usages-laser_c-768x768.jpg 768w, https:\/\/cabinetdescerisiers.vet\/wp-content\/uploads\/2025\/11\/Usages-laser_c.jpg 1462w\" sizes=\"(max-width: 1024px) 100vw, 1024px\" \/>\t\t\t\t\t\t\t\t\t\t\t\t\t\t\t<\/div>\n\t\t\t\t\t<\/div>\n\t\t\t\t<\/div>\n\t\t<div class=\"elementor-element elementor-element-b941f53 e-flex e-con-boxed e-con e-parent\" data-id=\"b941f53\" data-element_type=\"container\">\n\t\t\t\t\t<div class=\"e-con-inner\">\n\t\t\t\t<div class=\"elementor-element elementor-element-3cc1061 elementor-widget elementor-widget-heading\" data-id=\"3cc1061\" data-element_type=\"widget\" data-widget_type=\"heading.default\">\n\t\t\t\t\t<h2 class=\"elementor-heading-title elementor-size-default\"><a href=\"https:\/\/www.monrendezvousveto.fr\/clinique\/bofferdange-lu\/cabinet-veterinaire-des-cerisiers-lu\"><strong>Prendre rendez-vous en ligne<\/strong><\/a><\/h2>\t\t\t\t<\/div>\n\t\t\t\t\t<\/div>\n\t\t\t\t<\/div>\n\t\t\t\t<\/div>\n\t\t","protected":false},"excerpt":{"rendered":"<p>Laser Issu des principes fondamentaux de la m\u00e9decine quantique notre laser est destin\u00e9 \u00e0 des traitements physio th\u00e9rapeutiques ainsi qu\u2019\u00e0 la pr\u00e9vention d\u2019un grand nombre de pathologies gr\u00e2ce \u00e0 l\u2019action synergique d\u2019\u00e9missions d\u2019un laser \u00e0 faible intensit\u00e9 (soft laser) associ\u00e9 \u00e0 des \u00e9missions de diodes (infrarouges et poly-chromatique) et \u00e0 un champ magn\u00e9tique constant (tunnel&#8230;<\/p>\n","protected":false},"author":1,"featured_media":0,"parent":0,"menu_order":0,"comment_status":"closed","ping_status":"closed","template":"","meta":{"_kad_post_transparent":"","_kad_post_title":"","_kad_post_layout":"","_kad_post_sidebar_id":"","_kad_post_content_style":"","_kad_post_vertical_padding":"","_kad_post_feature":"","_kad_post_feature_position":"","_kad_post_header":false,"_kad_post_footer":false,"footnotes":""},"class_list":["post-482","page","type-page","status-publish","hentry"],"_links":{"self":[{"href":"https:\/\/cabinetdescerisiers.vet\/index.php\/wp-json\/wp\/v2\/pages\/482","targetHints":{"allow":["GET"]}}],"collection":[{"href":"https:\/\/cabinetdescerisiers.vet\/index.php\/wp-json\/wp\/v2\/pages"}],"about":[{"href":"https:\/\/cabinetdescerisiers.vet\/index.php\/wp-json\/wp\/v2\/types\/page"}],"author":[{"embeddable":true,"href":"https:\/\/cabinetdescerisiers.vet\/index.php\/wp-json\/wp\/v2\/users\/1"}],"replies":[{"embeddable":true,"href":"https:\/\/cabinetdescerisiers.vet\/index.php\/wp-json\/wp\/v2\/comments?post=482"}],"version-history":[{"count":18,"href":"https:\/\/cabinetdescerisiers.vet\/index.php\/wp-json\/wp\/v2\/pages\/482\/revisions"}],"predecessor-version":[{"id":530,"href":"https:\/\/cabinetdescerisiers.vet\/index.php\/wp-json\/wp\/v2\/pages\/482\/revisions\/530"}],"wp:attachment":[{"href":"https:\/\/cabinetdescerisiers.vet\/index.php\/wp-json\/wp\/v2\/media?parent=482"}],"curies":[{"name":"wp","href":"https:\/\/api.w.org\/{rel}","templated":true}]}}