{"id":9,"date":"2025-08-20T15:10:12","date_gmt":"2025-08-20T13:10:12","guid":{"rendered":"https:\/\/cabinetdescerisiers.vet\/?page_id=9"},"modified":"2026-02-04T17:04:57","modified_gmt":"2026-02-04T16:04:57","slug":"bienvenue","status":"publish","type":"page","link":"https:\/\/cabinetdescerisiers.vet\/","title":{"rendered":"Bienvenue"},"content":{"rendered":"<ul class=\"wp-block-latest-posts__list aligncenter wp-block-latest-posts\"><li><a class=\"wp-block-latest-posts__post-title\" href=\"https:\/\/cabinetdescerisiers.vet\/index.php\/2026\/02\/04\/nouveautes-a-partir-du-16-fevrier-2026\/\">Nouveaut\u00e9s \u00e0 partir du 16 f\u00e9vrier\u00a02026<\/a><\/li>\n<\/ul>\n\n<div class=\"wp-block-image\">\n<figure class=\"alignright size-large is-resized\"><img fetchpriority=\"high\" decoding=\"async\" width=\"1024\" height=\"822\" src=\"https:\/\/cabinetdescerisiers.vet\/wp-content\/uploads\/2025\/08\/MG_6084-copie-1024x822.jpg\" alt=\"\" class=\"wp-image-113\" style=\"width:590px;height:auto\" srcset=\"https:\/\/cabinetdescerisiers.vet\/wp-content\/uploads\/2025\/08\/MG_6084-copie-1024x822.jpg 1024w, https:\/\/cabinetdescerisiers.vet\/wp-content\/uploads\/2025\/08\/MG_6084-copie-300x241.jpg 300w, https:\/\/cabinetdescerisiers.vet\/wp-content\/uploads\/2025\/08\/MG_6084-copie-768x617.jpg 768w, https:\/\/cabinetdescerisiers.vet\/wp-content\/uploads\/2025\/08\/MG_6084-copie-1536x1234.jpg 1536w, https:\/\/cabinetdescerisiers.vet\/wp-content\/uploads\/2025\/08\/MG_6084-copie-2048x1645.jpg 2048w\" sizes=\"(max-width: 1024px) 100vw, 1024px\" \/><\/figure>\n<\/div>\n\n\n<h1 class=\"wp-block-heading\">Bienvenue&#8230;<\/h1>\n\n\n\n<p>&#8230; au <strong>Cabinet v\u00e9t\u00e9rinaire des Cerisiers<\/strong>, situ\u00e9 \u00e0 Bofferdange (Luxembourg), o\u00f9 passion pour les animaux et excellence m\u00e9dicale se conjuguent au quotidien.<\/p>\n\n\n\n<p>Notre mission est d\u2019offrir \u00e0 vos compagnons des <strong>soins modernes, s\u00fbrs et bienveillants<\/strong>, pour promouvoir leur sant\u00e9, leur confort et leur qualit\u00e9 de vie.<\/p>\n\n\n\n<p><strong>Une \u00e9quipe d\u00e9di\u00e9e \u00e0 votre service<\/strong><\/p>\n\n\n\n<div class=\"wp-block-columns is-layout-flex wp-container-core-columns-is-layout-9d6595d7 wp-block-columns-is-layout-flex\">\n<div class=\"wp-block-column is-layout-flow wp-block-column-is-layout-flow\" style=\"flex-basis:100%\">\n<div class=\"wp-block-buttons alignwide is-horizontal is-content-justification-center is-nowrap is-layout-flex wp-container-core-buttons-is-layout-f937b32f wp-block-buttons-is-layout-flex\" style=\"border-style:none;border-width:0px\">\n<div class=\"wp-block-button\"><a class=\"wp-block-button__link has-text-align-center wp-element-button\" href=\"https:\/\/www.monrendezvousveto.fr\/clinique\/bofferdange-lu\/cabinet-veterinaire-des-cerisiers-lu\">Prendre rendez-vous en ligne<\/a><\/div>\n<\/div>\n<\/div>\n<\/div>\n\n\n\n<p><strong>Urgences<\/strong> : En dehors des heures d\u2019ouverture, si nous ne sommes pas joignables, veuillez contacter le <strong>112<\/strong> ou se connecter sur le site de la LAK (<a href=\"https:\/\/lak.lu\/\">https:\/\/lak.lu\/<\/a>) pour connaitre le v\u00e9t\u00e9rinaire de Garde.<\/p>\n\n\n\n<p><\/p>\n","protected":false},"excerpt":{"rendered":"<p>Bienvenue&#8230; &#8230; au Cabinet v\u00e9t\u00e9rinaire des Cerisiers, situ\u00e9 \u00e0 Bofferdange (Luxembourg), o\u00f9 passion pour les animaux et excellence m\u00e9dicale se conjuguent au quotidien. Notre mission est d\u2019offrir \u00e0 vos compagnons des soins modernes, s\u00fbrs et bienveillants, pour promouvoir leur sant\u00e9, leur confort et leur qualit\u00e9 de vie. Une \u00e9quipe d\u00e9di\u00e9e \u00e0 votre service Urgences :&#8230;<\/p>\n","protected":false},"author":1,"featured_media":0,"parent":0,"menu_order":0,"comment_status":"closed","ping_status":"closed","template":"","meta":{"_kad_post_transparent":"default","_kad_post_title":"","_kad_post_layout":"default","_kad_post_sidebar_id":"","_kad_post_content_style":"","_kad_post_vertical_padding":"","_kad_post_feature":"","_kad_post_feature_position":"","_kad_post_header":false,"_kad_post_footer":false,"footnotes":""},"class_list":["post-9","page","type-page","status-publish","hentry"],"_links":{"self":[{"href":"https:\/\/cabinetdescerisiers.vet\/index.php\/wp-json\/wp\/v2\/pages\/9","targetHints":{"allow":["GET"]}}],"collection":[{"href":"https:\/\/cabinetdescerisiers.vet\/index.php\/wp-json\/wp\/v2\/pages"}],"about":[{"href":"https:\/\/cabinetdescerisiers.vet\/index.php\/wp-json\/wp\/v2\/types\/page"}],"author":[{"embeddable":true,"href":"https:\/\/cabinetdescerisiers.vet\/index.php\/wp-json\/wp\/v2\/users\/1"}],"replies":[{"embeddable":true,"href":"https:\/\/cabinetdescerisiers.vet\/index.php\/wp-json\/wp\/v2\/comments?post=9"}],"version-history":[{"count":25,"href":"https:\/\/cabinetdescerisiers.vet\/index.php\/wp-json\/wp\/v2\/pages\/9\/revisions"}],"predecessor-version":[{"id":543,"href":"https:\/\/cabinetdescerisiers.vet\/index.php\/wp-json\/wp\/v2\/pages\/9\/revisions\/543"}],"wp:attachment":[{"href":"https:\/\/cabinetdescerisiers.vet\/index.php\/wp-json\/wp\/v2\/media?parent=9"}],"curies":[{"name":"wp","href":"https:\/\/api.w.org\/{rel}","templated":true}]}}